{"id":481,"date":"2025-07-08T15:31:01","date_gmt":"2025-07-08T21:31:01","guid":{"rendered":"https:\/\/shokohimoshi.com\/?post_type=product&#038;p=481"},"modified":"2025-07-08T17:16:34","modified_gmt":"2025-07-08T23:16:34","slug":"fire-roll","status":"publish","type":"product","link":"https:\/\/shokohimoshi.com\/index.php\/producto\/fire-roll\/","title":{"rendered":"Fire Roll"},"content":{"rendered":"","protected":false},"excerpt":{"rendered":"<p>Relleno de camar\u00f3n, pepino, aguacate y queso crema, empanizado y ba\u00f1ado con una mezcla de salsas dulces y picantes a base de camar\u00f3n, shichimi, furikake, ceboll\u00edn y jugo de naranja. Intenso y lleno de sabor.<\/p>\n","protected":false},"featured_media":482,"template":"","meta":[],"product_cat":[22,25],"product_tag":[],"class_list":{"0":"post-481","1":"product","2":"type-product","3":"status-publish","4":"has-post-thumbnail","6":"product_cat-sushi","7":"product_cat-sushi-horneado","9":"first","10":"instock","11":"taxable","12":"shipping-taxable","13":"purchasable","14":"product-type-simple"},"_links":{"self":[{"href":"https:\/\/shokohimoshi.com\/index.php\/wp-json\/wp\/v2\/product\/481","targetHints":{"allow":["GET"]}}],"collection":[{"href":"https:\/\/shokohimoshi.com\/index.php\/wp-json\/wp\/v2\/product"}],"about":[{"href":"https:\/\/shokohimoshi.com\/index.php\/wp-json\/wp\/v2\/types\/product"}],"wp:featuredmedia":[{"embeddable":true,"href":"https:\/\/shokohimoshi.com\/index.php\/wp-json\/wp\/v2\/media\/482"}],"wp:attachment":[{"href":"https:\/\/shokohimoshi.com\/index.php\/wp-json\/wp\/v2\/media?parent=481"}],"wp:term":[{"taxonomy":"product_cat","embeddable":true,"href":"https:\/\/shokohimoshi.com\/index.php\/wp-json\/wp\/v2\/product_cat?post=481"},{"taxonomy":"product_tag","embeddable":true,"href":"https:\/\/shokohimoshi.com\/index.php\/wp-json\/wp\/v2\/product_tag?post=481"}],"curies":[{"name":"wp","href":"https:\/\/api.w.org\/{rel}","templated":true}]}}