{"id":467,"date":"2025-06-26T21:42:34","date_gmt":"2025-06-26T21:42:34","guid":{"rendered":"https:\/\/shokohimoshi.com\/?post_type=product&#038;p=467"},"modified":"2025-06-26T21:48:46","modified_gmt":"2025-06-26T21:48:46","slug":"pizza-romana","status":"publish","type":"product","link":"https:\/\/shokohimoshi.com\/index.php\/producto\/pizza-romana\/","title":{"rendered":"Pizza Romana"},"content":{"rendered":"","protected":false},"excerpt":{"rendered":"<p>Cl\u00e1sica y sabrosa, con champi\u00f1ones, jam\u00f3n y salami sobre una base crujiente.<\/p>\n","protected":false},"featured_media":469,"template":"","meta":[],"product_cat":[17],"product_tag":[],"class_list":{"0":"post-467","1":"product","2":"type-product","3":"status-publish","4":"has-post-thumbnail","6":"product_cat-pizza","8":"first","9":"instock","10":"taxable","11":"shipping-taxable","12":"purchasable","13":"product-type-simple"},"_links":{"self":[{"href":"https:\/\/shokohimoshi.com\/index.php\/wp-json\/wp\/v2\/product\/467","targetHints":{"allow":["GET"]}}],"collection":[{"href":"https:\/\/shokohimoshi.com\/index.php\/wp-json\/wp\/v2\/product"}],"about":[{"href":"https:\/\/shokohimoshi.com\/index.php\/wp-json\/wp\/v2\/types\/product"}],"wp:featuredmedia":[{"embeddable":true,"href":"https:\/\/shokohimoshi.com\/index.php\/wp-json\/wp\/v2\/media\/469"}],"wp:attachment":[{"href":"https:\/\/shokohimoshi.com\/index.php\/wp-json\/wp\/v2\/media?parent=467"}],"wp:term":[{"taxonomy":"product_cat","embeddable":true,"href":"https:\/\/shokohimoshi.com\/index.php\/wp-json\/wp\/v2\/product_cat?post=467"},{"taxonomy":"product_tag","embeddable":true,"href":"https:\/\/shokohimoshi.com\/index.php\/wp-json\/wp\/v2\/product_tag?post=467"}],"curies":[{"name":"wp","href":"https:\/\/api.w.org\/{rel}","templated":true}]}}