{"id":465,"date":"2025-06-26T19:49:15","date_gmt":"2025-06-26T19:49:15","guid":{"rendered":"https:\/\/shokohimoshi.com\/?post_type=product&#038;p=465"},"modified":"2025-06-26T21:48:23","modified_gmt":"2025-06-26T21:48:23","slug":"arcoiris","status":"publish","type":"product","link":"https:\/\/shokohimoshi.com\/index.php\/producto\/arcoiris\/","title":{"rendered":"Arco\u00edris"},"content":{"rendered":"<p>Salm\u00f3n y queso crema por dentro, cubierto con masago, pulpo, cangrejo, aguacate y at\u00fan por fuera. Colorido y lleno de sabor en cada bocado.<\/p>\n","protected":false},"excerpt":{"rendered":"<p>Salm\u00f3n y queso crema por dentro, cubierto con masago, pulpo, cangrejo, aguacate y at\u00fan por fuera. Colorido y lleno de sabor en cada bocado.<\/p>\n","protected":false},"featured_media":466,"template":"","meta":[],"product_cat":[22],"product_tag":[],"class_list":{"0":"post-465","1":"product","2":"type-product","3":"status-publish","4":"has-post-thumbnail","6":"product_cat-sushi","8":"first","9":"instock","10":"taxable","11":"shipping-taxable","12":"purchasable","13":"product-type-simple"},"_links":{"self":[{"href":"https:\/\/shokohimoshi.com\/index.php\/wp-json\/wp\/v2\/product\/465","targetHints":{"allow":["GET"]}}],"collection":[{"href":"https:\/\/shokohimoshi.com\/index.php\/wp-json\/wp\/v2\/product"}],"about":[{"href":"https:\/\/shokohimoshi.com\/index.php\/wp-json\/wp\/v2\/types\/product"}],"wp:featuredmedia":[{"embeddable":true,"href":"https:\/\/shokohimoshi.com\/index.php\/wp-json\/wp\/v2\/media\/466"}],"wp:attachment":[{"href":"https:\/\/shokohimoshi.com\/index.php\/wp-json\/wp\/v2\/media?parent=465"}],"wp:term":[{"taxonomy":"product_cat","embeddable":true,"href":"https:\/\/shokohimoshi.com\/index.php\/wp-json\/wp\/v2\/product_cat?post=465"},{"taxonomy":"product_tag","embeddable":true,"href":"https:\/\/shokohimoshi.com\/index.php\/wp-json\/wp\/v2\/product_tag?post=465"}],"curies":[{"name":"wp","href":"https:\/\/api.w.org\/{rel}","templated":true}]}}