{"id":322,"date":"2025-05-29T13:33:26","date_gmt":"2025-05-29T13:33:26","guid":{"rendered":"https:\/\/shokohimoshi.com\/?post_type=product&#038;p=322"},"modified":"2025-06-27T01:38:01","modified_gmt":"2025-06-27T07:38:01","slug":"pizza-hawaiana","status":"publish","type":"product","link":"https:\/\/shokohimoshi.com\/index.php\/producto\/pizza-hawaiana\/","title":{"rendered":"Pizza Hawaiana"},"content":{"rendered":"","protected":false},"excerpt":{"rendered":"<p>Cl\u00e1sica combinaci\u00f3n de jam\u00f3n y pi\u00f1a sobre queso derretido y salsa de tomate, en una base crujiente y dorada al horno.<\/p>\n","protected":false},"featured_media":323,"template":"","meta":[],"product_cat":[17],"product_tag":[],"class_list":{"0":"post-322","1":"product","2":"type-product","3":"status-publish","4":"has-post-thumbnail","6":"product_cat-pizza","8":"first","9":"instock","10":"taxable","11":"shipping-taxable","12":"purchasable","13":"product-type-simple"},"_links":{"self":[{"href":"https:\/\/shokohimoshi.com\/index.php\/wp-json\/wp\/v2\/product\/322","targetHints":{"allow":["GET"]}}],"collection":[{"href":"https:\/\/shokohimoshi.com\/index.php\/wp-json\/wp\/v2\/product"}],"about":[{"href":"https:\/\/shokohimoshi.com\/index.php\/wp-json\/wp\/v2\/types\/product"}],"wp:featuredmedia":[{"embeddable":true,"href":"https:\/\/shokohimoshi.com\/index.php\/wp-json\/wp\/v2\/media\/323"}],"wp:attachment":[{"href":"https:\/\/shokohimoshi.com\/index.php\/wp-json\/wp\/v2\/media?parent=322"}],"wp:term":[{"taxonomy":"product_cat","embeddable":true,"href":"https:\/\/shokohimoshi.com\/index.php\/wp-json\/wp\/v2\/product_cat?post=322"},{"taxonomy":"product_tag","embeddable":true,"href":"https:\/\/shokohimoshi.com\/index.php\/wp-json\/wp\/v2\/product_tag?post=322"}],"curies":[{"name":"wp","href":"https:\/\/api.w.org\/{rel}","templated":true}]}}