{"id":319,"date":"2025-05-29T13:30:48","date_gmt":"2025-05-29T13:30:48","guid":{"rendered":"https:\/\/shokohimoshi.com\/?post_type=product&#038;p=319"},"modified":"2025-06-26T21:46:27","modified_gmt":"2025-06-26T21:46:27","slug":"pasta-alfredo","status":"publish","type":"product","link":"https:\/\/shokohimoshi.com\/index.php\/producto\/pasta-alfredo\/","title":{"rendered":"Pasta Alfredo"},"content":{"rendered":"<p data-start=\"87\" data-end=\"241\">Pasta al dente ba\u00f1ada en una cremosa salsa a base de crema, con jam\u00f3n, salami, champi\u00f1ones, un toque de vino blanco y queso parmesano.<\/p>\n","protected":false},"excerpt":{"rendered":"<p>Pasta al dente ba\u00f1ada en una cremosa salsa a base de crema, con jam\u00f3n, salami, champi\u00f1ones, un toque de vino blanco y queso parmesano.<\/p>\n","protected":false},"featured_media":320,"template":"","meta":[],"product_cat":[23],"product_tag":[],"class_list":{"0":"post-319","1":"product","2":"type-product","3":"status-publish","4":"has-post-thumbnail","6":"product_cat-pasta","8":"first","9":"instock","10":"taxable","11":"shipping-taxable","12":"purchasable","13":"product-type-simple"},"_links":{"self":[{"href":"https:\/\/shokohimoshi.com\/index.php\/wp-json\/wp\/v2\/product\/319","targetHints":{"allow":["GET"]}}],"collection":[{"href":"https:\/\/shokohimoshi.com\/index.php\/wp-json\/wp\/v2\/product"}],"about":[{"href":"https:\/\/shokohimoshi.com\/index.php\/wp-json\/wp\/v2\/types\/product"}],"wp:featuredmedia":[{"embeddable":true,"href":"https:\/\/shokohimoshi.com\/index.php\/wp-json\/wp\/v2\/media\/320"}],"wp:attachment":[{"href":"https:\/\/shokohimoshi.com\/index.php\/wp-json\/wp\/v2\/media?parent=319"}],"wp:term":[{"taxonomy":"product_cat","embeddable":true,"href":"https:\/\/shokohimoshi.com\/index.php\/wp-json\/wp\/v2\/product_cat?post=319"},{"taxonomy":"product_tag","embeddable":true,"href":"https:\/\/shokohimoshi.com\/index.php\/wp-json\/wp\/v2\/product_tag?post=319"}],"curies":[{"name":"wp","href":"https:\/\/api.w.org\/{rel}","templated":true}]}}